{"id":105,"date":"2018-01-17T17:57:52","date_gmt":"2018-01-17T16:57:52","guid":{"rendered":"https:\/\/anna-maria-seemann.de\/?page_id=105"},"modified":"2026-03-15T19:21:32","modified_gmt":"2026-03-15T18:21:32","slug":"publikationen","status":"publish","type":"page","link":"https:\/\/anna-maria-seemann.de\/?page_id=105","title":{"rendered":"Publikationen"},"content":{"rendered":"<p><em><img loading=\"lazy\" decoding=\"async\" class=\"alignright wp-image-224 \" src=\"https:\/\/anna-maria-seemann.de\/wp-content\/uploads\/2026\/01\/Waschzettel-223x300.png\" alt=\"\" width=\"121\" height=\"163\" srcset=\"https:\/\/anna-maria-seemann.de\/wp-content\/uploads\/2026\/01\/Waschzettel-223x300.png 223w, https:\/\/anna-maria-seemann.de\/wp-content\/uploads\/2026\/01\/Waschzettel-760x1024.png 760w, https:\/\/anna-maria-seemann.de\/wp-content\/uploads\/2026\/01\/Waschzettel-768x1035.png 768w, https:\/\/anna-maria-seemann.de\/wp-content\/uploads\/2026\/01\/Waschzettel-1139x1536.png 1139w, https:\/\/anna-maria-seemann.de\/wp-content\/uploads\/2026\/01\/Waschzettel-982x1324.png 982w, https:\/\/anna-maria-seemann.de\/wp-content\/uploads\/2026\/01\/Waschzettel-297x400.png 297w, https:\/\/anna-maria-seemann.de\/wp-content\/uploads\/2026\/01\/Waschzettel.png 1500w\" sizes=\"auto, (max-width: 121px) 100vw, 121px\" \/> Ganztagsschule: B\u00fccher\u00a0<\/em><\/p>\n<p>Guter Ganztag. Den Lebensraum f\u00fcr Kinder qualitativ weiterentwickeln (zusammen mit Volker Titel). Klett Kita Ganztag, Stuttgart 2026.\u00a0<\/p>\n<p>Handbuch Ganztag in der Grundschule (Hrsg., zusammen mit Bettina K\u00f6nig und Markus Sauerwein). Debus P\u00e4dagogik, Frankfurt am Main 2025.\u00a0<\/p>\n<p>Qualit\u00e4tsdimensionen von Ganztagsangeboten im Grundschulalter. Wissenschaftlicher Diskurs, Bildungspolitik und p\u00e4dagogische Praxis (zusammen mit Volker Titel). Weiterbildungsinitiative Fr\u00fchp\u00e4dagogische Fachkr\u00e4fte, WiFF Expertisen, Band 55. M\u00fcnchen 2023 <a href=\"https:\/\/www.weiterbildungsinitiative.de\/fileadmin\/Redaktion\/Publikationen\/WiFF_Expertise_55_WEB.pdf\">[Download]<\/a><\/p>\n<p>Entwicklungspsychologie. Praxis im Ganztag (zus. mit Marina Quiner). 2. Aufl., AfGmedia, Hiltpoltstein 2023.<\/p>\n<p>Projektmanagement. Theorie und Praxis f\u00fcr den Ganztag (zus. mit Heike Maria Sch\u00fctz). 2. Aufl., AfGmedia, Hiltpoltstein 2023.<\/p>\n<p>Grundlagen der Ganztagsschule (zus. mit Gerhard Koller u. Volker Titel). Hiltpoltstein 2015.<\/p>\n<p>&nbsp;<\/p>\n<p><em>Ganztagsschule \/ P\u00e4dagogik: Beitr\u00e4ge in Zeitschriften und Sammelb\u00e4nden\u00a0<\/em><\/p>\n<p>Ganztag zwischen Rechtsanspruch und Qualit\u00e4t (zus. mit Eva Reiter u. Christoph B\u00fclau). In: Ganztagsbildung: Modelle, Qualit\u00e4t, Chancen, hrsg. von Marion Gutzmann und Maresi Lassek. Beitr\u00e4ge zur Reform der Grundschule, Bd. 161. Frankfurt am Main 2025, S. 20-31.\u00a0<\/p>\n<p>Teams im Ganztag. Gemeinsame Ziele und klare Strukturen. In: P\u00e4dagogische F\u00fchrung. Zeitschrift f\u00fcr Schulleitung und Schulberatung. 4\/2024. S. 151\u2013154.<\/p>\n<p>Qualifizierungen f\u00fcr den Ganztag. Konzepte und Herausforderungen. In: Fachkr\u00e4fte im Ganztag (Jahrbuch Ganztagsschule 2024), hrsg. Von Falk Radisch, Uwe Schulz und Ivo Z\u00fcchner. 65\u201383.<\/p>\n<p>Mehr Qualit\u00e4t im Ganztag durch qualifiziertes Personal. In: SchulVerwaltung spezial. Zeitschrift f\u00fcr Schulgetaltung und Schulentwicklung. 25. Jg., Nr 5\/2023, S. 223-226.<\/p>\n<p>Multiprofessionelle Teams in der Ganztagsschule: P\u00e4dagogik, Personal, System. In: Weimann-Sandig, Nina (Hrsg.), Multiprofessionelle Teamarbeit in Sozialen Dienstleistungsberufen. Interdisziplin\u00e4re Debatten zum Konzept der Multiprofessionalit\u00e4t \u2013 Chancen, Risiken, Herausforderungen. Wiesbaden 2022.<\/p>\n<p>Schulische Ganztagsangebote. In: Volker Titel: Medienbildung und Literacy in Kindergarten und Schule. Lehr- und Praxisbuch. Hiltpoltstein 2021.<\/p>\n<p>Ganztagsschule und Corona in Bayern \u2013 Zwischenstand und Ausblick. In: Die Ganztagsschule (2020), Heft 59, S. 97-102.<\/p>\n<p>\u00dcberlegungen zur Ganztagsschule im Kontext des Rechtsanspruchs. In: Gemeinsam lernen. Zeitschrift f\u00fcr Schule, P\u00e4dagogik und Gesellschaft (2020\/2), S. 75-78.<\/p>\n<p>Skills Shortage and a New Field of Work: About Professions and Qualifications in All-Day Schools in Germany. In: Sch\u00fcpbach, Marianne\/Lilla, Nanine (Hrsg.): Extended Education from an International Comparative Point of View. (WERA-IRN Extended Education Conference Volume). Wiesbaden 2019, S.\u00a0173\u2013183.<\/p>\n<p>Personalqualifikation und Personalentwicklung. Qualit\u00e4tskriterien f\u00fcr die Ganztagsschule. In: Ganztagsschule \u2013 was nun? Impulse und Strategien f\u00fcr die Schule vor Ort. Hiltpoltstein 2019, S. 62\u201367.<\/p>\n<p>Ohne gutes Personal geht es nicht! \u00dcber die Personalsituation an Ganztagsschulen und damit verbundene Herausforderungen. In: <a href=\"https:\/\/www.ganztagsschulverband.de\/media\/die_ganztagsschule_2017_web.pdf\">Die Ganztagsschule (2017)<\/a>. Heft 57, S. 78\u201399.<\/p>\n<p>Immer mehr Ganztagsschulen: (k)ein Problem? Wie der Quantit\u00e4t Qualit\u00e4t folgen kann (zus. mit Volker Titel). In: Schulverwaltung. Fachzeitschrift f\u00fcr Schulverwaltung und Schulmanagement, Bayern. Heft 4\/2017, S.\u00a0112\u2013115.<\/p>\n<p>Was muss das Personal k\u00f6nnen? Anforderungen und Qualifikationen in der Ganztagsschulpraxis. In: Gemeinsam Ganztagsschule entwickeln. Grenzen er\u00f6ffnen \u2013 Spielr\u00e4um erweitern. Hiltpoltstein 2016.<\/p>\n<p>Zeitschrift &#8222;Die Ganztagsschule&#8220;: Redaktion, erscheint bei Debus P\u00e4dagogik.\u00a0<\/p>\n<p>&nbsp;<\/p>\n<p><em>Buchwissenschaft \/ Verlagsgeschichte: B\u00fccher und Beitr\u00e4ge in Zeitschriften und Sammelb\u00e4nden<\/em><\/p>\n<p>Sieben wissenschaftliche Parallelverlage. In: Geschichte des deutschen Buchhandels im 19. und 20. Jahrhundert. Band 5: DDR, Teil 2. Boston\/Berlin 2023, S. 411-438.<\/p>\n<p>Parallelverlage im geteilten Deutschland. Entstehung, Beziehungen und Strategien am Beispiel ausgew\u00e4hlter Wissenschaftsverlage. Boston\/Berlin 2017.<\/p>\n<p>Zensur der Zensur? Der B\u00f6rsenverein im Dilemma &#8211; autorit\u00e4re Staaten auf der Frankfurter Buchmesse. In Kodex, Heft 7 (2017), S. 177\u2013189.<\/p>\n<p>Wo sind all die Verlage hin? Wissenschaftliche Verlage und Verlagsnamen seit Beginn des 20. Jahrhunderts &#8211; eine Spurensuche. In: <a href=\"https:\/\/opus4.kobv.de\/opus4-fau\/frontdoor\/index\/index\/docId\/8352\">Jahresbericht der Erlanger Buchwissenschaft 2016<\/a>. Hrsg. von Ursula Rautenberg. Erlangen 2017.<\/p>\n<p>Bitte keine schmutzige W\u00e4sche: Die Autoren im Konflikt der deutsch-deutschen Parallelverlage. In: Aus dem Antiquariat (2013), Heft 6, S. 267\u2013276.<\/p>\n\n\n<p><\/p>\n\n\n\n<p><\/p>\n","protected":false},"excerpt":{"rendered":"<p>Ganztagsschule: B\u00fccher\u00a0 Guter Ganztag. Den Lebensraum f\u00fcr Kinder qualitativ weiterentwickeln (zusammen mit Volker Titel). Klett Kita Ganztag, Stuttgart 2026.\u00a0 Handbuch Ganztag in der Grundschule (Hrsg., zusammen mit Bettina K\u00f6nig und Markus Sauerwein). Debus P\u00e4dagogik, Frankfurt am Main 2025.\u00a0 Qualit\u00e4tsdimensionen von Ganztagsangeboten im Grundschulalter. Wissenschaftlicher Diskurs, Bildungspolitik und p\u00e4dagogische Praxis (zusammen mit Volker Titel). Weiterbildungsinitiative Fr\u00fchp\u00e4dagogische&hellip; <a href=\"https:\/\/anna-maria-seemann.de\/?page_id=105\" class=\"more-link\">Weiterlesen <span class=\"screen-reader-text\">Publikationen<\/span><\/a><\/p>\n","protected":false},"author":1,"featured_media":0,"parent":0,"menu_order":0,"comment_status":"closed","ping_status":"closed","template":"","meta":{"footnotes":""},"class_list":["post-105","page","type-page","status-publish","hentry"],"_links":{"self":[{"href":"https:\/\/anna-maria-seemann.de\/index.php?rest_route=\/wp\/v2\/pages\/105","targetHints":{"allow":["GET"]}}],"collection":[{"href":"https:\/\/anna-maria-seemann.de\/index.php?rest_route=\/wp\/v2\/pages"}],"about":[{"href":"https:\/\/anna-maria-seemann.de\/index.php?rest_route=\/wp\/v2\/types\/page"}],"author":[{"embeddable":true,"href":"https:\/\/anna-maria-seemann.de\/index.php?rest_route=\/wp\/v2\/users\/1"}],"replies":[{"embeddable":true,"href":"https:\/\/anna-maria-seemann.de\/index.php?rest_route=%2Fwp%2Fv2%2Fcomments&post=105"}],"version-history":[{"count":28,"href":"https:\/\/anna-maria-seemann.de\/index.php?rest_route=\/wp\/v2\/pages\/105\/revisions"}],"predecessor-version":[{"id":233,"href":"https:\/\/anna-maria-seemann.de\/index.php?rest_route=\/wp\/v2\/pages\/105\/revisions\/233"}],"wp:attachment":[{"href":"https:\/\/anna-maria-seemann.de\/index.php?rest_route=%2Fwp%2Fv2%2Fmedia&parent=105"}],"curies":[{"name":"wp","href":"https:\/\/api.w.org\/{rel}","templated":true}]}}