{"id":140,"date":"2019-01-13T20:54:16","date_gmt":"2019-01-13T19:54:16","guid":{"rendered":"https:\/\/anna-maria-seemann.de\/?page_id=140"},"modified":"2020-11-16T08:32:40","modified_gmt":"2020-11-16T07:32:40","slug":"impressum","status":"publish","type":"page","link":"https:\/\/anna-maria-seemann.de\/?page_id=140","title":{"rendered":"Impressum"},"content":{"rendered":"<p>Inhaltlich verantwortlich:<\/p>\n<p>Dr. Anna-Maria Seemann<br \/>\nSemmelweisstr. 23<br \/>\n90766 F\u00fcrth<\/p>\n<p>&nbsp;<\/p>\n<h2>Haftungsausschluss<\/h2>\n<p>Die Informationen auf dieser Website werden regelm\u00e4\u00dfig \u00fcberpr\u00fcft und aktualisiert. Fehler sind jedoch nie ganz auszuschlie\u00dfen. Ich lehne deshalb f\u00fcr die Aktualit\u00e4t, Genauigkeit oder Vollst\u00e4ndigkeit der bereitgestellten Informationen jede Gew\u00e4hr, Haftung oder Garantie ab.<\/p>\n<p>Ich hafte nicht f\u00fcr direkte oder indirekte Sch\u00e4den, die auf Informationen zur\u00fcckgef\u00fchrt werden k\u00f6nnen, die auf diesen oder externen Webseiten stehen.<\/p>\n","protected":false},"excerpt":{"rendered":"<p>Inhaltlich verantwortlich: Dr. Anna-Maria Seemann Semmelweisstr. 23 90766 F\u00fcrth &nbsp; Haftungsausschluss Die Informationen auf dieser Website werden regelm\u00e4\u00dfig \u00fcberpr\u00fcft und aktualisiert. Fehler sind jedoch nie ganz auszuschlie\u00dfen. Ich lehne deshalb f\u00fcr die Aktualit\u00e4t, Genauigkeit oder Vollst\u00e4ndigkeit der bereitgestellten Informationen jede Gew\u00e4hr, Haftung oder Garantie ab. Ich hafte nicht f\u00fcr direkte oder indirekte Sch\u00e4den, die auf&hellip; <a href=\"https:\/\/anna-maria-seemann.de\/?page_id=140\" class=\"more-link\">Weiterlesen <span class=\"screen-reader-text\">Impressum<\/span><\/a><\/p>\n","protected":false},"author":1,"featured_media":0,"parent":0,"menu_order":0,"comment_status":"closed","ping_status":"closed","template":"","meta":{"footnotes":""},"class_list":["post-140","page","type-page","status-publish","hentry"],"_links":{"self":[{"href":"https:\/\/anna-maria-seemann.de\/index.php?rest_route=\/wp\/v2\/pages\/140","targetHints":{"allow":["GET"]}}],"collection":[{"href":"https:\/\/anna-maria-seemann.de\/index.php?rest_route=\/wp\/v2\/pages"}],"about":[{"href":"https:\/\/anna-maria-seemann.de\/index.php?rest_route=\/wp\/v2\/types\/page"}],"author":[{"embeddable":true,"href":"https:\/\/anna-maria-seemann.de\/index.php?rest_route=\/wp\/v2\/users\/1"}],"replies":[{"embeddable":true,"href":"https:\/\/anna-maria-seemann.de\/index.php?rest_route=%2Fwp%2Fv2%2Fcomments&post=140"}],"version-history":[{"count":1,"href":"https:\/\/anna-maria-seemann.de\/index.php?rest_route=\/wp\/v2\/pages\/140\/revisions"}],"predecessor-version":[{"id":141,"href":"https:\/\/anna-maria-seemann.de\/index.php?rest_route=\/wp\/v2\/pages\/140\/revisions\/141"}],"wp:attachment":[{"href":"https:\/\/anna-maria-seemann.de\/index.php?rest_route=%2Fwp%2Fv2%2Fmedia&parent=140"}],"curies":[{"name":"wp","href":"https:\/\/api.w.org\/{rel}","templated":true}]}}