{"id":188,"date":"2024-01-30T17:45:16","date_gmt":"2024-01-30T16:45:16","guid":{"rendered":"https:\/\/anna-maria-seemann.de\/?page_id=188"},"modified":"2026-03-17T22:57:47","modified_gmt":"2026-03-17T21:57:47","slug":"vortraege-und-interviews","status":"publish","type":"page","link":"https:\/\/anna-maria-seemann.de\/?page_id=188","title":{"rendered":"Vortr\u00e4ge, Workshops, Interviews"},"content":{"rendered":"\n<p><strong>Vortr\u00e4ge und Workshops (Auswahl)<\/strong><\/p>\n\n\n\n<p>&#8222;Beteiligung im Ganztag &#8211; Impulse aus Forschung und Praxis&#8220;. Vortrag zusammen mit Eva Reiter auf dem Ganztagskongress <em>Das Kind im Zentrum<\/em> am 2.\/3. April 2025 in Berlin<\/p>\n\n\n<div class=\"wp-block-image\">\n<figure class=\"alignleft size-large is-resized\"><img loading=\"lazy\" decoding=\"async\" width=\"968\" height=\"1024\" src=\"https:\/\/anna-maria-seemann.de\/wp-content\/uploads\/2025\/06\/K2_Eva-und-Anna--968x1024.jpg\" alt=\"\" class=\"wp-image-217\" style=\"width:192px;height:auto\" srcset=\"https:\/\/anna-maria-seemann.de\/wp-content\/uploads\/2025\/06\/K2_Eva-und-Anna--968x1024.jpg 968w, https:\/\/anna-maria-seemann.de\/wp-content\/uploads\/2025\/06\/K2_Eva-und-Anna--284x300.jpg 284w, https:\/\/anna-maria-seemann.de\/wp-content\/uploads\/2025\/06\/K2_Eva-und-Anna--768x812.jpg 768w, https:\/\/anna-maria-seemann.de\/wp-content\/uploads\/2025\/06\/K2_Eva-und-Anna--1452x1536.jpg 1452w, https:\/\/anna-maria-seemann.de\/wp-content\/uploads\/2025\/06\/K2_Eva-und-Anna--982x1039.jpg 982w, https:\/\/anna-maria-seemann.de\/wp-content\/uploads\/2025\/06\/K2_Eva-und-Anna--378x400.jpg 378w, https:\/\/anna-maria-seemann.de\/wp-content\/uploads\/2025\/06\/K2_Eva-und-Anna-.jpg 1747w\" sizes=\"auto, (max-width: 968px) 100vw, 968px\" \/><\/figure>\n<\/div>\n\n\n<p>&#8222;Ganztag bedeutet &#8230; Professionsentwicklung&#8220;. Workshop auf dem Fachtag der GEW <em>QUALIT\u00c4T IM GANZTAG \u2013 Zukunft (mit)gestalten <\/em>am 6.\/7. September 2024 in G\u00f6ttingen<\/p>\n\n\n\n<p>\u201eZusammenarbeit in multiprofessionellen Teams und Medienbildung\u201d. Vortrag auf der Fachtagung <em>Dimension Digitalisierung \u2013 Digital unterwegs im Ganztag<\/em> (Forum Bildung Digitalisierung) am 25. Mai 2023 in Berlin: <a href=\"https:\/\/www.youtube.com\/watch?v=3Ek7tpP8lUg\">Link zum Vortrag (Youtube)<\/a><\/p>\n\n\n\n<p>&#8222;Erfolgreiche Bildungsarbeit im Ganztag an Grundschulen: Welche Kompetenzen sind notwendig?&#8220; Vortrag bei der Jahrestagung 2023 des Landesverbandes der Musikschulen Baden-W\u00fcrttemberg am 16. M\u00e4rz 2023 auf Schloss Kapfenburg <\/p>\n\n\n\n<p><strong>Interviews und Podiumsdiskussionen<\/strong><\/p>\n\n\n\n<p>Zu Gast im Podcast &#8222;Die Schule brennt&#8220; bei Bob Blume: <a href=\"https:\/\/www.ardsounds.de\/episode\/urn:ard:episode:43b42920f3bb267e\/\">Ganztag neu denken<\/a><\/p>\n\n\n\n<figure class=\"wp-block-image size-full is-resized\"><a href=\"https:\/\/www.ardsounds.de\/episode\/urn:ard:episode:43b42920f3bb267e\/\"><img loading=\"lazy\" decoding=\"async\" width=\"708\" height=\"714\" src=\"https:\/\/anna-maria-seemann.de\/wp-content\/uploads\/2026\/03\/Screenshot_Podcast.jpg\" alt=\"\" class=\"wp-image-244\" style=\"aspect-ratio:0.9915823662461491;width:247px;height:auto\" srcset=\"https:\/\/anna-maria-seemann.de\/wp-content\/uploads\/2026\/03\/Screenshot_Podcast.jpg 708w, https:\/\/anna-maria-seemann.de\/wp-content\/uploads\/2026\/03\/Screenshot_Podcast-297x300.jpg 297w, https:\/\/anna-maria-seemann.de\/wp-content\/uploads\/2026\/03\/Screenshot_Podcast-150x150.jpg 150w, https:\/\/anna-maria-seemann.de\/wp-content\/uploads\/2026\/03\/Screenshot_Podcast-397x400.jpg 397w\" sizes=\"auto, (max-width: 708px) 100vw, 708px\" \/><\/a><\/figure>\n\n\n\n<p>Teilnahme an der Podiumsdiskussion auf dem 5. Bundeskongress Kulturelle Schulentwicklung, &#8222;Kulturelle Bildung f\u00fcr den ganzen Tag!&#8220;, 22.\/23. Mai 2025, Bamberg. <a href=\"https:\/\/buko-kulturelle-schulentwicklung.de\/\">Bundeskongress Kulturelle Schulentwicklung<\/a><\/p>\n\n\n\n<figure class=\"wp-block-image size-large is-resized\"><a href=\"https:\/\/buko-kulturelle-schulentwicklung.de\/\"><img loading=\"lazy\" decoding=\"async\" width=\"1024\" height=\"829\" src=\"https:\/\/anna-maria-seemann.de\/wp-content\/uploads\/2026\/03\/Podium-1024x829.jpg\" alt=\"\" class=\"wp-image-238\" style=\"aspect-ratio:1.2352335817641635;width:252px;height:auto\" srcset=\"https:\/\/anna-maria-seemann.de\/wp-content\/uploads\/2026\/03\/Podium-1024x829.jpg 1024w, https:\/\/anna-maria-seemann.de\/wp-content\/uploads\/2026\/03\/Podium-300x243.jpg 300w, https:\/\/anna-maria-seemann.de\/wp-content\/uploads\/2026\/03\/Podium-768x621.jpg 768w, https:\/\/anna-maria-seemann.de\/wp-content\/uploads\/2026\/03\/Podium-1536x1243.jpg 1536w, https:\/\/anna-maria-seemann.de\/wp-content\/uploads\/2026\/03\/Podium-982x795.jpg 982w, https:\/\/anna-maria-seemann.de\/wp-content\/uploads\/2026\/03\/Podium-400x324.jpg 400w, https:\/\/anna-maria-seemann.de\/wp-content\/uploads\/2026\/03\/Podium.jpg 1546w\" sizes=\"auto, (max-width: 1024px) 100vw, 1024px\" \/><\/a><\/figure>\n\n\n\n<p>Live auf der didacta 2025: Teilnahme an der Podiumsdiskussion zum Thema &#8222;Chancengleichheit \u2013 Was kann die Ganztagsbetreuung leisten?&#8220; <a href=\"https:\/\/www.deutschlandfunk.de\/chancengleichheit-was-kann-die-ganztagsbetreuung-leisten-live-von-der-didacta-100.html\">Link zum Audio<\/a><\/p>\n\n\n\n<p>Interview f\u00fcr Campus &amp; Karriere, Deutschlandfunk: &#8222;Gebundener Ganztag &#8211; viel p\u00e4dagogisches Potenzial&#8220;. <a href=\"https:\/\/www.deutschlandfunk.de\/gebundener-ganztag-viel-paedagogisches-potential-int-a-seemann-afg-dlf-aba80bd9-100.html\">Link zum Audio<\/a><\/p>\n\n\n\n<p>Interview von Klaus L\u00fcber mit Jan Mohr, Anna-Maria Seemann und Lena Zimmer, ver\u00f6ffentlicht am 04.12.2023: &#8222;Ohne Kooperation und Teamf\u00e4higkeit geht es nicht mehr&#8220;. <a href=\"https:\/\/magazin.forumbd.de\/rahmenbedingungen\/jan-mohr-anna-maria-seemann-lena-zimmer-ohne-kooperation-und-teamfaehigkeit-geht-es-nicht-mehr\/\">Link zum Text<\/a> <\/p>\n\n\n\n<p><\/p>\n","protected":false},"excerpt":{"rendered":"<p>Vortr\u00e4ge und Workshops (Auswahl) &#8222;Beteiligung im Ganztag &#8211; Impulse aus Forschung und Praxis&#8220;. Vortrag zusammen mit Eva Reiter auf dem Ganztagskongress Das Kind im Zentrum am 2.\/3. April 2025 in Berlin &#8222;Ganztag bedeutet &#8230; Professionsentwicklung&#8220;. Workshop auf dem Fachtag der GEW QUALIT\u00c4T IM GANZTAG \u2013 Zukunft (mit)gestalten am 6.\/7. September 2024 in G\u00f6ttingen \u201eZusammenarbeit in&hellip; <a href=\"https:\/\/anna-maria-seemann.de\/?page_id=188\" class=\"more-link\">Weiterlesen <span class=\"screen-reader-text\">Vortr\u00e4ge, Workshops, Interviews<\/span><\/a><\/p>\n","protected":false},"author":1,"featured_media":0,"parent":0,"menu_order":0,"comment_status":"closed","ping_status":"closed","template":"","meta":{"footnotes":""},"class_list":["post-188","page","type-page","status-publish","hentry"],"_links":{"self":[{"href":"https:\/\/anna-maria-seemann.de\/index.php?rest_route=\/wp\/v2\/pages\/188","targetHints":{"allow":["GET"]}}],"collection":[{"href":"https:\/\/anna-maria-seemann.de\/index.php?rest_route=\/wp\/v2\/pages"}],"about":[{"href":"https:\/\/anna-maria-seemann.de\/index.php?rest_route=\/wp\/v2\/types\/page"}],"author":[{"embeddable":true,"href":"https:\/\/anna-maria-seemann.de\/index.php?rest_route=\/wp\/v2\/users\/1"}],"replies":[{"embeddable":true,"href":"https:\/\/anna-maria-seemann.de\/index.php?rest_route=%2Fwp%2Fv2%2Fcomments&post=188"}],"version-history":[{"count":24,"href":"https:\/\/anna-maria-seemann.de\/index.php?rest_route=\/wp\/v2\/pages\/188\/revisions"}],"predecessor-version":[{"id":247,"href":"https:\/\/anna-maria-seemann.de\/index.php?rest_route=\/wp\/v2\/pages\/188\/revisions\/247"}],"wp:attachment":[{"href":"https:\/\/anna-maria-seemann.de\/index.php?rest_route=%2Fwp%2Fv2%2Fmedia&parent=188"}],"curies":[{"name":"wp","href":"https:\/\/api.w.org\/{rel}","templated":true}]}}