{"id":56,"date":"2017-12-13T20:46:01","date_gmt":"2017-12-13T19:46:01","guid":{"rendered":"https:\/\/anna-maria-seemann.de\/?page_id=56"},"modified":"2026-03-17T22:50:54","modified_gmt":"2026-03-17T21:50:54","slug":"ueber-mich","status":"publish","type":"page","link":"https:\/\/anna-maria-seemann.de\/?page_id=56","title":{"rendered":"\u00dcber mich"},"content":{"rendered":"<p><strong><img loading=\"lazy\" decoding=\"async\" class=\"wp-image-166 alignright\" src=\"https:\/\/anna-maria-seemann.de\/wp-content\/uploads\/2022\/07\/Foto_Anna_Juli-2022_2_Web-300x225.jpg\" alt=\"\" width=\"283\" height=\"212\" \/>Dr. Anna-Maria Seemann<\/strong><\/p>\n<p>Erziehungs- und Buchwissenschaftlerin<\/p>\n<p><em>Qualifikationen<br \/>\n<\/em>Magister (M.A.) Erziehungs- und Musikwissenschaft (TU Berlin)<br \/>\nPromotion Buchwissenschaft (Friedrich-Alexander-Universit\u00e4t Erlangen-N\u00fcrnberg)<br \/>\nWeiterbildungstudium zur Betriebswirtin (IWW)<br \/>\nZertifikat &#8222;Hochschullehre Bayern&#8220;<\/p>\n<p><em>Berufliche Stationen und Erfahrungen<\/em><br \/>\nVorstandsmitglied, Fortbildungsleitung und Dozentin in der <a href=\"https:\/\/afg-im-netz.de\/\">Akademie f\u00fcr Ganztagsp\u00e4dagogik<\/a> (seit 2014)<br \/>\nWissenschaftliche Mitarbeiterin am Lehrstuhl f\u00fcr Grundschulp\u00e4dagogik und -didaktik, Universit\u00e4t Bamberg (2018-2022)<br \/>\nWeitere Lehrerfahrungen an Universit\u00e4ten und Weiterbildungseinrichtungen<br \/>\nT\u00e4tigkeiten in der Verlagsbranche (Lektorat, Presse, Werbung)<\/p>\n<p><em>Ehrenamtliches Engagement und Expertengremien\u00a0\u00a0<\/em><br \/>\n2. Bundesvorsitzende im <a href=\"https:\/\/www.ganztagsschulverband.de\/\">Ganztagsschulverband e.V.<\/a><br \/>\nMitglied der Expertengruppe <a href=\"https:\/\/www.weiterbildungsinitiative.de\/publikationen\/detail\/ganztag-fuer-grundschulkinder\">&#8222;Ganztag im Grundschulalter&#8220;<\/a>, WiFF (Nov. 2021 bis M\u00e4rz 2022)<br \/>\nMitglied im Expertenrat im Projekt <a href=\"https:\/\/www.recht-auf-ganztag.de\/resource\/blob\/276818\/28256e7d777ef26baec828128c572784\/kogat-kompetent-im-ganztag-pdf-data.pdf\">&#8222;KoGat &#8211; Kompetent im Ganztag&#8220;<\/a><\/p>\n<p><em>Referenzen Lehre\/Vortr\u00e4ge <\/em><br \/>\n<a href=\"https:\/\/afg-im-netz.de\/\">Akademie f\u00fcr Ganztagsp\u00e4dagogik e.V.<\/a><br \/>\nBayerische Ganztagsschulkongresse Forchheim<br \/>\nBundesvereinigung Kulturelle Kinder- und Jugendbildung (BKJ)<br \/>\nejsa Bayern<br \/>\nForum Digitalisierung Berlin<br \/>\nFriedrich-Alexander-Universit\u00e4t Erlangen-N\u00fcrnberg<br \/>\nOtto-Friedrich-Universit\u00e4t Bamberg<br \/>\nP\u00e4dagogisches Institut M\u00fcnchen<br \/>\nStaatsinstitut f\u00fcr Schulqualit\u00e4t und Bildungsforschung (ISB) M\u00fcnchen<br \/>\nTechnische Hochschule N\u00fcrnberg Georg Simon Ohm<br \/>\nVernetzungsstelle Kita- und Schulverpflegung Oberfranken<\/p>\n<p><em>Auszeichnungen<br \/>\n<\/em>Lilli-Bechmann-Rahn-Preis<\/p>\n","protected":false},"excerpt":{"rendered":"<p>Dr. Anna-Maria Seemann Erziehungs- und Buchwissenschaftlerin Qualifikationen Magister (M.A.) Erziehungs- und Musikwissenschaft (TU Berlin) Promotion Buchwissenschaft (Friedrich-Alexander-Universit\u00e4t Erlangen-N\u00fcrnberg) Weiterbildungstudium zur Betriebswirtin (IWW) Zertifikat &#8222;Hochschullehre Bayern&#8220; Berufliche Stationen und Erfahrungen Vorstandsmitglied, Fortbildungsleitung und Dozentin in der Akademie f\u00fcr Ganztagsp\u00e4dagogik (seit 2014) Wissenschaftliche Mitarbeiterin am Lehrstuhl f\u00fcr Grundschulp\u00e4dagogik und -didaktik, Universit\u00e4t Bamberg (2018-2022) Weitere Lehrerfahrungen an Universit\u00e4ten&hellip; <a href=\"https:\/\/anna-maria-seemann.de\/?page_id=56\" class=\"more-link\">Weiterlesen <span class=\"screen-reader-text\">\u00dcber mich<\/span><\/a><\/p>\n","protected":false},"author":1,"featured_media":53,"parent":0,"menu_order":0,"comment_status":"closed","ping_status":"closed","template":"","meta":{"footnotes":""},"class_list":["post-56","page","type-page","status-publish","has-post-thumbnail","hentry"],"_links":{"self":[{"href":"https:\/\/anna-maria-seemann.de\/index.php?rest_route=\/wp\/v2\/pages\/56","targetHints":{"allow":["GET"]}}],"collection":[{"href":"https:\/\/anna-maria-seemann.de\/index.php?rest_route=\/wp\/v2\/pages"}],"about":[{"href":"https:\/\/anna-maria-seemann.de\/index.php?rest_route=\/wp\/v2\/types\/page"}],"author":[{"embeddable":true,"href":"https:\/\/anna-maria-seemann.de\/index.php?rest_route=\/wp\/v2\/users\/1"}],"replies":[{"embeddable":true,"href":"https:\/\/anna-maria-seemann.de\/index.php?rest_route=%2Fwp%2Fv2%2Fcomments&post=56"}],"version-history":[{"count":21,"href":"https:\/\/anna-maria-seemann.de\/index.php?rest_route=\/wp\/v2\/pages\/56\/revisions"}],"predecessor-version":[{"id":242,"href":"https:\/\/anna-maria-seemann.de\/index.php?rest_route=\/wp\/v2\/pages\/56\/revisions\/242"}],"wp:featuredmedia":[{"embeddable":true,"href":"https:\/\/anna-maria-seemann.de\/index.php?rest_route=\/wp\/v2\/media\/53"}],"wp:attachment":[{"href":"https:\/\/anna-maria-seemann.de\/index.php?rest_route=%2Fwp%2Fv2%2Fmedia&parent=56"}],"curies":[{"name":"wp","href":"https:\/\/api.w.org\/{rel}","templated":true}]}}